{"id":1650,"date":"2022-08-03T12:56:44","date_gmt":"2022-08-03T12:56:44","guid":{"rendered":"https:\/\/silvokaro.com\/?post_type=product&#038;p=1650"},"modified":"2024-09-10T19:05:11","modified_gmt":"2024-09-10T19:05:11","slug":"alpinist-kopija","status":"publish","type":"product","link":"https:\/\/silvokaro.com\/en\/product\/alpinist-kopija\/","title":{"rendered":"Alpinist (Hardcover)"},"content":{"rendered":"<p>Alpinist &#8211; the long-awaited autobiography of the protagonist of the golden age of Slovenian mountaineering, who was led by the call of the mountains from the rural countryside to brutal Patagonian storms, vast Himalayan heights, radiant chimneys of the Karakorum granite, Greenland horizon, Indian monsoon, the Julian Alps and Yosemite precipices. His mountaineering career was most marked by the great walls of Fitz Roy, Cerro Torre, Torre Egger and Bhagirathi, and the dedication, audacity, zeal, and sincere friendship that gave birth to the alliance of three musketeers &#8211; Silvo Karo, Fran\u010dek Knez and Janez Jegli\u010d &#8211; Johan. Juicy and experienced stories from climbing, perhaps the most fruitful period of Slovenian mountaineering!<\/p>\n<p><em>In\u00a0 Slovenian.<\/em><\/p>\n","protected":false},"excerpt":{"rendered":"<p><strong>Language: Slovenian<\/strong><br \/>\nFormat: 150 x 230 mm<br \/>\nHardcover<br \/>\nPage volume: 304 (118 black-and-white and color photographs)<br \/>\nPrice: 30,00 \u20ac<\/p>\n<p>&nbsp;<\/p>\n","protected":false},"featured_media":1788,"template":"","meta":[],"product_brand":[],"product_cat":[27],"product_tag":[],"class_list":{"0":"post-1650","1":"product","2":"type-product","3":"status-publish","4":"has-post-thumbnail","6":"product_cat-book","8":"first","9":"instock","10":"featured","11":"shipping-taxable","12":"purchasable","13":"product-type-simple"},"yoast_head":"<!-- This site is optimized with the Yoast SEO plugin v20.5 - https:\/\/yoast.com\/wordpress\/plugins\/seo\/ -->\n<title>ALPINIST - Silvo Karo<\/title>\n<meta name=\"description\" content=\"Silvo Karo, protagonist zlate dobe slovenskega alpinizma ter eden najuspe\u0161nej\u0161ih in najdrznej\u0161ih osvajalcev patagonskih gora v vsej njihovi zgodovini. S Fran\u010dkom Knezom in Janezom Jegli\u010dem - Johanom del legendarne naveze treh mu\u0161ketirjev. Ve\u010d med platnicami avtobiografije Alpinist.\" \/>\n<meta name=\"robots\" content=\"index, follow, max-snippet:-1, max-image-preview:large, max-video-preview:-1\" \/>\n<link rel=\"canonical\" href=\"https:\/\/silvokaro.com\/en\/product\/alpinist-kopija\/\" \/>\n<meta property=\"og:locale\" content=\"en_US\" \/>\n<meta property=\"og:type\" content=\"article\" \/>\n<meta property=\"og:title\" content=\"ALPINIST - Silvo Karo\" \/>\n<meta property=\"og:description\" content=\"Silvo Karo, protagonist zlate dobe slovenskega alpinizma ter eden najuspe\u0161nej\u0161ih in najdrznej\u0161ih osvajalcev patagonskih gora v vsej njihovi zgodovini. S Fran\u010dkom Knezom in Janezom Jegli\u010dem - Johanom del legendarne naveze treh mu\u0161ketirjev. Ve\u010d med platnicami avtobiografije Alpinist.\" \/>\n<meta property=\"og:url\" content=\"https:\/\/silvokaro.com\/en\/product\/alpinist-kopija\/\" \/>\n<meta property=\"og:site_name\" content=\"Silvo Karo\" \/>\n<meta property=\"article:modified_time\" content=\"2024-09-10T19:05:11+00:00\" \/>\n<meta property=\"og:image\" content=\"https:\/\/silvokaro.com\/wp-content\/uploads\/2022\/08\/Alpinist-SQ.jpg\" \/>\n\t<meta property=\"og:image:width\" content=\"2000\" \/>\n\t<meta property=\"og:image:height\" content=\"2000\" \/>\n\t<meta property=\"og:image:type\" content=\"image\/jpeg\" \/>\n<meta name=\"twitter:card\" content=\"summary_large_image\" \/>\n<meta name=\"twitter:label1\" content=\"Est. reading time\" \/>\n\t<meta name=\"twitter:data1\" content=\"1 minute\" \/>\n<script type=\"application\/ld+json\" class=\"yoast-schema-graph\">{\"@context\":\"https:\/\/schema.org\",\"@graph\":[{\"@type\":\"WebPage\",\"@id\":\"https:\/\/silvokaro.com\/en\/product\/alpinist-kopija\/\",\"url\":\"https:\/\/silvokaro.com\/en\/product\/alpinist-kopija\/\",\"name\":\"ALPINIST - Silvo Karo\",\"isPartOf\":{\"@id\":\"https:\/\/silvokaro.com\/en\/#website\"},\"datePublished\":\"2022-08-03T12:56:44+00:00\",\"dateModified\":\"2024-09-10T19:05:11+00:00\",\"description\":\"Silvo Karo, protagonist zlate dobe slovenskega alpinizma ter eden najuspe\u0161nej\u0161ih in najdrznej\u0161ih osvajalcev patagonskih gora v vsej njihovi zgodovini. S Fran\u010dkom Knezom in Janezom Jegli\u010dem - Johanom del legendarne naveze treh mu\u0161ketirjev. Ve\u010d med platnicami avtobiografije Alpinist.\",\"breadcrumb\":{\"@id\":\"https:\/\/silvokaro.com\/en\/product\/alpinist-kopija\/#breadcrumb\"},\"inLanguage\":\"en-US\",\"potentialAction\":[{\"@type\":\"ReadAction\",\"target\":[\"https:\/\/silvokaro.com\/en\/product\/alpinist-kopija\/\"]}]},{\"@type\":\"BreadcrumbList\",\"@id\":\"https:\/\/silvokaro.com\/en\/product\/alpinist-kopija\/#breadcrumb\",\"itemListElement\":[{\"@type\":\"ListItem\",\"position\":1,\"name\":\"Home\",\"item\":\"https:\/\/silvokaro.com\/en\/\"},{\"@type\":\"ListItem\",\"position\":2,\"name\":\"Store\",\"item\":\"https:\/\/silvokaro.com\/en\/store\/\"},{\"@type\":\"ListItem\",\"position\":3,\"name\":\"Alpinist (Hardcover)\"}]},{\"@type\":\"WebSite\",\"@id\":\"https:\/\/silvokaro.com\/en\/#website\",\"url\":\"https:\/\/silvokaro.com\/en\/\",\"name\":\"Silvo Karo\",\"description\":\"\",\"potentialAction\":[{\"@type\":\"SearchAction\",\"target\":{\"@type\":\"EntryPoint\",\"urlTemplate\":\"https:\/\/silvokaro.com\/en\/?s={search_term_string}\"},\"query-input\":\"required name=search_term_string\"}],\"inLanguage\":\"en-US\"}]}<\/script>\n<!-- \/ Yoast SEO plugin. -->","yoast_head_json":{"title":"ALPINIST - Silvo Karo","description":"Silvo Karo, protagonist zlate dobe slovenskega alpinizma ter eden najuspe\u0161nej\u0161ih in najdrznej\u0161ih osvajalcev patagonskih gora v vsej njihovi zgodovini. S Fran\u010dkom Knezom in Janezom Jegli\u010dem - Johanom del legendarne naveze treh mu\u0161ketirjev. Ve\u010d med platnicami avtobiografije Alpinist.","robots":{"index":"index","follow":"follow","max-snippet":"max-snippet:-1","max-image-preview":"max-image-preview:large","max-video-preview":"max-video-preview:-1"},"canonical":"https:\/\/silvokaro.com\/en\/product\/alpinist-kopija\/","og_locale":"en_US","og_type":"article","og_title":"ALPINIST - Silvo Karo","og_description":"Silvo Karo, protagonist zlate dobe slovenskega alpinizma ter eden najuspe\u0161nej\u0161ih in najdrznej\u0161ih osvajalcev patagonskih gora v vsej njihovi zgodovini. S Fran\u010dkom Knezom in Janezom Jegli\u010dem - Johanom del legendarne naveze treh mu\u0161ketirjev. Ve\u010d med platnicami avtobiografije Alpinist.","og_url":"https:\/\/silvokaro.com\/en\/product\/alpinist-kopija\/","og_site_name":"Silvo Karo","article_modified_time":"2024-09-10T19:05:11+00:00","og_image":[{"width":2000,"height":2000,"url":"https:\/\/silvokaro.com\/wp-content\/uploads\/2022\/08\/Alpinist-SQ.jpg","type":"image\/jpeg"}],"twitter_card":"summary_large_image","twitter_misc":{"Est. reading time":"1 minute"},"schema":{"@context":"https:\/\/schema.org","@graph":[{"@type":"WebPage","@id":"https:\/\/silvokaro.com\/en\/product\/alpinist-kopija\/","url":"https:\/\/silvokaro.com\/en\/product\/alpinist-kopija\/","name":"ALPINIST - Silvo Karo","isPartOf":{"@id":"https:\/\/silvokaro.com\/en\/#website"},"datePublished":"2022-08-03T12:56:44+00:00","dateModified":"2024-09-10T19:05:11+00:00","description":"Silvo Karo, protagonist zlate dobe slovenskega alpinizma ter eden najuspe\u0161nej\u0161ih in najdrznej\u0161ih osvajalcev patagonskih gora v vsej njihovi zgodovini. S Fran\u010dkom Knezom in Janezom Jegli\u010dem - Johanom del legendarne naveze treh mu\u0161ketirjev. Ve\u010d med platnicami avtobiografije Alpinist.","breadcrumb":{"@id":"https:\/\/silvokaro.com\/en\/product\/alpinist-kopija\/#breadcrumb"},"inLanguage":"en-US","potentialAction":[{"@type":"ReadAction","target":["https:\/\/silvokaro.com\/en\/product\/alpinist-kopija\/"]}]},{"@type":"BreadcrumbList","@id":"https:\/\/silvokaro.com\/en\/product\/alpinist-kopija\/#breadcrumb","itemListElement":[{"@type":"ListItem","position":1,"name":"Home","item":"https:\/\/silvokaro.com\/en\/"},{"@type":"ListItem","position":2,"name":"Store","item":"https:\/\/silvokaro.com\/en\/store\/"},{"@type":"ListItem","position":3,"name":"Alpinist (Hardcover)"}]},{"@type":"WebSite","@id":"https:\/\/silvokaro.com\/en\/#website","url":"https:\/\/silvokaro.com\/en\/","name":"Silvo Karo","description":"","potentialAction":[{"@type":"SearchAction","target":{"@type":"EntryPoint","urlTemplate":"https:\/\/silvokaro.com\/en\/?s={search_term_string}"},"query-input":"required name=search_term_string"}],"inLanguage":"en-US"}]}},"_links":{"self":[{"href":"https:\/\/silvokaro.com\/en\/wp-json\/wp\/v2\/product\/1650","targetHints":{"allow":["GET"]}}],"collection":[{"href":"https:\/\/silvokaro.com\/en\/wp-json\/wp\/v2\/product"}],"about":[{"href":"https:\/\/silvokaro.com\/en\/wp-json\/wp\/v2\/types\/product"}],"wp:featuredmedia":[{"embeddable":true,"href":"https:\/\/silvokaro.com\/en\/wp-json\/wp\/v2\/media\/1788"}],"wp:attachment":[{"href":"https:\/\/silvokaro.com\/en\/wp-json\/wp\/v2\/media?parent=1650"}],"wp:term":[{"taxonomy":"product_brand","embeddable":true,"href":"https:\/\/silvokaro.com\/en\/wp-json\/wp\/v2\/product_brand?post=1650"},{"taxonomy":"product_cat","embeddable":true,"href":"https:\/\/silvokaro.com\/en\/wp-json\/wp\/v2\/product_cat?post=1650"},{"taxonomy":"product_tag","embeddable":true,"href":"https:\/\/silvokaro.com\/en\/wp-json\/wp\/v2\/product_tag?post=1650"}],"curies":[{"name":"wp","href":"https:\/\/api.w.org\/{rel}","templated":true}]}}